{"id":32,"date":"2015-08-28T10:34:25","date_gmt":"2015-08-28T08:34:25","guid":{"rendered":"http:\/\/beatemueller.artwied.de\/?page_id=32"},"modified":"2018-05-13T13:36:08","modified_gmt":"2018-05-13T11:36:08","slug":"contact","status":"publish","type":"page","link":"https:\/\/beatemueller.com\/?page_id=32","title":{"rendered":"Contact"},"content":{"rendered":"<p><a href=\"mailto:b.mueller@beatemueller.com\">b.mueller@beatemueller.com<\/a><\/p>\n<p>&nbsp;<\/p>\n<p>&nbsp;<\/p>\n<h5><strong>Impressum<\/strong><\/h5>\n<p>\u00a9 2013, Beate M\u00fcller, AutorInnen<\/p>\n<p>&nbsp;<\/p>\n<h5><strong>Haftungsausschluss<\/strong><\/h5>\n<p>Trotz sorgf\u00e4ltiger inhaltlicher Kontrolle wird keine Haftung f\u00fcr die Inhalte externer Links \u00fcbernommen. F\u00fcr den Inhalt der verlinkten Seiten sind ausschlie\u00dflich deren Betreiber verantwortlich.<\/p>\n","protected":false},"excerpt":{"rendered":"<p>b.mueller@beatemueller.com &nbsp; &nbsp; Impressum \u00a9 2013, Beate M\u00fcller, AutorInnen &nbsp; Haftungsausschluss Trotz sorgf\u00e4ltiger inhaltlicher Kontrolle wird keine Haftung f\u00fcr die Inhalte externer Links \u00fcbernommen. F\u00fcr den Inhalt der verlinkten Seiten sind ausschlie\u00dflich deren Betreiber verantwortlich.<\/p>\n","protected":false},"author":1,"featured_media":0,"parent":0,"menu_order":20,"comment_status":"closed","ping_status":"closed","template":"","meta":{"footnotes":""},"_links":{"self":[{"href":"https:\/\/beatemueller.com\/index.php?rest_route=\/wp\/v2\/pages\/32"}],"collection":[{"href":"https:\/\/beatemueller.com\/index.php?rest_route=\/wp\/v2\/pages"}],"about":[{"href":"https:\/\/beatemueller.com\/index.php?rest_route=\/wp\/v2\/types\/page"}],"author":[{"embeddable":true,"href":"https:\/\/beatemueller.com\/index.php?rest_route=\/wp\/v2\/users\/1"}],"replies":[{"embeddable":true,"href":"https:\/\/beatemueller.com\/index.php?rest_route=%2Fwp%2Fv2%2Fcomments&post=32"}],"version-history":[{"count":36,"href":"https:\/\/beatemueller.com\/index.php?rest_route=\/wp\/v2\/pages\/32\/revisions"}],"predecessor-version":[{"id":1015,"href":"https:\/\/beatemueller.com\/index.php?rest_route=\/wp\/v2\/pages\/32\/revisions\/1015"}],"wp:attachment":[{"href":"https:\/\/beatemueller.com\/index.php?rest_route=%2Fwp%2Fv2%2Fmedia&parent=32"}],"curies":[{"name":"wp","href":"https:\/\/api.w.org\/{rel}","templated":true}]}}